{"id":11184,"date":"2017-11-07T18:58:17","date_gmt":"2017-11-07T17:58:17","guid":{"rendered":"http:\/\/www.toletum-network.com\/?page_id=11184"},"modified":"2020-11-18T11:33:35","modified_gmt":"2020-11-18T09:33:35","slug":"prof-dr-ricardo-gonzalez-villaescusa","status":"publish","type":"page","link":"http:\/\/www.toletum-network.com\/es\/teilnehmer\/prof-dr-ricardo-gonzalez-villaescusa\/","title":{"rendered":"Prof. Dr. Ricardo Gonz\u00e1lez Villaescusa"},"content":{"rendered":"<p><img loading=\"lazy\" decoding=\"async\" class=\"alignnone size-medium wp-image-11187\" src=\"http:\/\/www.toletum-network.com\/wp-content\/uploads\/2017\/11\/Foto-Gonz\u00e1lez-Villaescusa-3-300x225-300x225.jpg\" alt=\"\" width=\"300\" height=\"225\" \/><\/p>\n<h3 class=\"entry-title\">Prof. Dr. Ricardo Gonz\u00e1lez Villaescusa<\/h3>\n<div class=\"entry-content\">\n<p>Professeur d&#8217;Arch\u00e9ologie de la Gaule et du Nord-Ouest europ\u00e9en<br \/>\nUniversit\u00e9 Paris-Nanterre<br \/>\nUMR 7041 ARSCAN<br \/>\nMaison Arch\u00e9ologe &amp; Ethnologie, Ren\u00e9-Ginouv\u00e8s<br \/>\n21, All\u00e9e de l&#8217;Universit\u00e9<br \/>\nF-92000 Nanterre<br \/>\n<a href=\"https:\/\/webmail.rrz.uni-hamburg.de\/imp\/basic.php?mailbox=SU5CT1g&amp;buid=102933&amp;page=message#\">ricardo.gv@parisnanterre.fr<\/a><\/p>\n<p><a href=\"http:\/\/www.cepam.cnrs.fr\/spip.php?article2138&amp;lang=fr\">CV<\/a><\/p>\n<p><strong><span style=\"color: #800080;\"><a style=\"color: #800080; text-decoration: underline;\" href=\"http:\/\/www.toletum-network.com\/es\/workshops\/viii-workshop-2017\/\"><strong>Toletum VIII \u00bfConectando ciudades?<\/strong><\/a><\/span><\/strong><\/p>\n<\/div>\n<p><\/p>","protected":false},"excerpt":{"rendered":"<p>Prof. Dr. Ricardo Gonz\u00e1lez Villaescusa Professeur d&#8217;Arch\u00e9ologie de la Gaule et du Nord-Ouest europ\u00e9en Universit\u00e9 Paris-Nanterre UMR 7041 ARSCAN Maison Arch\u00e9ologe &amp; Ethnologie, Ren\u00e9-Ginouv\u00e8s 21, All\u00e9e de l&#8217;Universit\u00e9 F-92000 Nanterre ricardo.gv@parisnanterre.fr CV Toletum VIII \u00bfConectando ciudades?<\/p>\n","protected":false},"author":10,"featured_media":0,"parent":18,"menu_order":0,"comment_status":"closed","ping_status":"closed","template":"","meta":{"jetpack_post_was_ever_published":false,"footnotes":""},"class_list":["post-11184","page","type-page","status-publish","hentry"],"jetpack_sharing_enabled":true,"jetpack_shortlink":"https:\/\/wp.me\/P82TDz-2Uo","_links":{"self":[{"href":"http:\/\/www.toletum-network.com\/es\/wp-json\/wp\/v2\/pages\/11184","targetHints":{"allow":["GET"]}}],"collection":[{"href":"http:\/\/www.toletum-network.com\/es\/wp-json\/wp\/v2\/pages"}],"about":[{"href":"http:\/\/www.toletum-network.com\/es\/wp-json\/wp\/v2\/types\/page"}],"author":[{"embeddable":true,"href":"http:\/\/www.toletum-network.com\/es\/wp-json\/wp\/v2\/users\/10"}],"replies":[{"embeddable":true,"href":"http:\/\/www.toletum-network.com\/es\/wp-json\/wp\/v2\/comments?post=11184"}],"version-history":[{"count":11,"href":"http:\/\/www.toletum-network.com\/es\/wp-json\/wp\/v2\/pages\/11184\/revisions"}],"predecessor-version":[{"id":13592,"href":"http:\/\/www.toletum-network.com\/es\/wp-json\/wp\/v2\/pages\/11184\/revisions\/13592"}],"up":[{"embeddable":true,"href":"http:\/\/www.toletum-network.com\/es\/wp-json\/wp\/v2\/pages\/18"}],"wp:attachment":[{"href":"http:\/\/www.toletum-network.com\/es\/wp-json\/wp\/v2\/media?parent=11184"}],"curies":[{"name":"wp","href":"https:\/\/api.w.org\/{rel}","templated":true}]}}