{"id":10955,"date":"2017-10-10T19:47:02","date_gmt":"2017-10-10T17:47:02","guid":{"rendered":"http:\/\/www.toletum-network.com\/?page_id=10955"},"modified":"2023-11-11T19:09:31","modified_gmt":"2023-11-11T17:09:31","slug":"maria-isabel-fierro-bello","status":"publish","type":"page","link":"http:\/\/www.toletum-network.com\/es\/teilnehmer\/maria-isabel-fierro-bello\/","title":{"rendered":"Mar\u00eda Isabel Fierro Bello"},"content":{"rendered":"<p><img loading=\"lazy\" decoding=\"async\" class=\"alignnone size-medium wp-image-10957\" src=\"http:\/\/www.toletum-network.com\/wp-content\/uploads\/2017\/10\/s200_maribel.fierro300x225-300x225.jpg\" alt=\"\" width=\"300\" height=\"225\" \/><\/p>\n<div class=\"entry-content\">\n<h3 class=\"entry-title\">Prof. Dr. Mar\u00eda Isabel Fierro Bello<\/h3>\n<div class=\"entry-content\">\n<p>Consejo Superior de Investigaciones Cient\u00edficas Madrid<br \/>\nCentro de Ciencias Humanas y Sociales<br \/>\nInstituto de <span class=\"field-content\">Instituto de Lenguas y Culturas del Mediterr\u00e1neo y Oriente Pr\u00f3ximo<\/span> \u2013<br \/>\nDpto. de <span class=\"field-content\">Estudios Jud\u00edos e Isl\u00e1micos<\/span><br \/>\nc\/ de Albasanz, 26-28<br \/>\nE-28037 Madrid<br \/>\n<strong>T.<\/strong> +34 91 6022419<br \/>\n<a href=\"mailto:maribel.fierro@cchs.csic.es\">maribel.fierro@cchs.csic.es<\/a><\/p>\n<p><a href=\"http:\/\/cchs.csic.es\/es\/personal\/maribel.fierro\">CV<\/a><\/p>\n<p><strong><span style=\"color: #800080;\"><a style=\"color: #800080; text-decoration: underline;\" href=\"http:\/\/www.toletum-network.com\/es\/aktivitaten\/dialogo-hispano-aleman-de-ciencias\/\">Jornada de estudio \u201eDi\u00e1logo hispano-alem\u00e1n de Ciencias\u201c<\/a> \/ <strong><span style=\"color: #800080;\"><a style=\"color: #800080; text-decoration: underline;\" href=\"http:\/\/www.toletum-network.com\/es\/workshops\/viii-workshop-2017\/\">Toletum VIII \u00bfConectando ciudades?<\/a> \/ <\/span><\/strong><\/span><\/strong><strong><a style=\"color: #800080;\" href=\"https:\/\/www.toletum-network.com\/es\/workshops\/xiv-workshop-2023\/\">Toletum XIV Espacios para el di\u00e1logo<\/a> <\/strong><\/p>\n<p>&nbsp;<\/p>\n<\/div>\n<\/div>\n<p><\/p>","protected":false},"excerpt":{"rendered":"<p>Prof. Dr. Mar\u00eda Isabel Fierro Bello Consejo Superior de Investigaciones Cient\u00edficas Madrid Centro de Ciencias Humanas y Sociales Instituto de Instituto de Lenguas y Culturas del Mediterr\u00e1neo y Oriente Pr\u00f3ximo \u2013 Dpto. de Estudios Jud\u00edos e Isl\u00e1micos c\/ de Albasanz, 26-28 E-28037 Madrid T. +34 91 6022419 maribel.fierro@cchs.csic.es CV Jornada de estudio \u201eDi\u00e1logo hispano-alem\u00e1n de &hellip; <a href=\"http:\/\/www.toletum-network.com\/es\/teilnehmer\/maria-isabel-fierro-bello\/\" class=\"more-link\">Continuar leyendo<span class=\"screen-reader-text\"> \u00abMar\u00eda Isabel Fierro Bello\u00bb<\/span><\/a><\/p>\n","protected":false},"author":10,"featured_media":0,"parent":18,"menu_order":0,"comment_status":"closed","ping_status":"closed","template":"","meta":{"jetpack_post_was_ever_published":false,"footnotes":""},"class_list":["post-10955","page","type-page","status-publish","hentry"],"jetpack_sharing_enabled":true,"jetpack_shortlink":"https:\/\/wp.me\/P82TDz-2QH","_links":{"self":[{"href":"http:\/\/www.toletum-network.com\/es\/wp-json\/wp\/v2\/pages\/10955","targetHints":{"allow":["GET"]}}],"collection":[{"href":"http:\/\/www.toletum-network.com\/es\/wp-json\/wp\/v2\/pages"}],"about":[{"href":"http:\/\/www.toletum-network.com\/es\/wp-json\/wp\/v2\/types\/page"}],"author":[{"embeddable":true,"href":"http:\/\/www.toletum-network.com\/es\/wp-json\/wp\/v2\/users\/10"}],"replies":[{"embeddable":true,"href":"http:\/\/www.toletum-network.com\/es\/wp-json\/wp\/v2\/comments?post=10955"}],"version-history":[{"count":26,"href":"http:\/\/www.toletum-network.com\/es\/wp-json\/wp\/v2\/pages\/10955\/revisions"}],"predecessor-version":[{"id":17825,"href":"http:\/\/www.toletum-network.com\/es\/wp-json\/wp\/v2\/pages\/10955\/revisions\/17825"}],"up":[{"embeddable":true,"href":"http:\/\/www.toletum-network.com\/es\/wp-json\/wp\/v2\/pages\/18"}],"wp:attachment":[{"href":"http:\/\/www.toletum-network.com\/es\/wp-json\/wp\/v2\/media?parent=10955"}],"curies":[{"name":"wp","href":"https:\/\/api.w.org\/{rel}","templated":true}]}}