{"id":10953,"date":"2017-10-10T20:02:19","date_gmt":"2017-10-10T18:02:19","guid":{"rendered":"http:\/\/www.toletum-network.com\/?page_id=10953"},"modified":"2020-11-18T11:22:47","modified_gmt":"2020-11-18T09:22:47","slug":"pedro-antonio-villena-perez","status":"publish","type":"page","link":"http:\/\/www.toletum-network.com\/es\/teilnehmer\/pedro-antonio-villena-perez\/","title":{"rendered":"Pedro Antonio Villena P\u00e9rez"},"content":{"rendered":"<p><\/p>\n<h3 class=\"entry-title\"><img loading=\"lazy\" decoding=\"async\" class=\"alignnone size-medium wp-image-10962\" src=\"http:\/\/www.toletum-network.com\/wp-content\/uploads\/2017\/10\/Pedro-Villena300x225-300x225.jpg\" alt=\"\" width=\"300\" height=\"225\" \/><\/h3>\n<h3 class=\"entry-title\">Pedro Antonio Villena P\u00e9rez<\/h3>\n<div class=\"entry-content\">\n<p>C\u00f3nsul General de Espa\u00f1a<br \/>\nConsulado General de Espa\u00f1a en Hamburgo<br \/>\nMittelweg 37<br \/>\nD-20148 Hamburg<br \/>\n<strong>T.<\/strong> +49 40 4146460<br \/>\n<strong>F.<\/strong> +49 40 417449<\/p>\n<p><strong>Website<\/strong><br \/>\n<a href=\"http:\/\/www.exteriores.gob.es\/Consulados\/HAMBURGO\/es\/Consulado\/Paginas\/Consul.aspx\">http:\/\/www.exteriores.gob.es&#8230;<\/a><\/p>\n<p><strong><span style=\"color: #800080;\"><a style=\"color: #800080; text-decoration: underline;\" href=\"http:\/\/www.toletum-network.com\/es\/workshops\/viii-workshop-2017\/\">Toletum VIII \u00bfConectando ciudades?<\/a> <a <strong><span style=\"color: #800080;\"><a style=\"color: #800080; text-decoration: underline;\" href=\"http:\/\/www.toletum-network.com\/es\/workshops\/ix-workshop-2018\/\">Toletum IX Reino visigodo de Toledo<\/a><\/span><\/strong><\/p>\n<\/div>\n<p><\/p>","protected":false},"excerpt":{"rendered":"<p>Pedro Antonio Villena P\u00e9rez C\u00f3nsul General de Espa\u00f1a Consulado General de Espa\u00f1a en Hamburgo Mittelweg 37 D-20148 Hamburg T. +49 40 4146460 F. +49 40 417449 Website http:\/\/www.exteriores.gob.es&#8230; Toletum VIII \u00bfConectando ciudades?<\/p>\n","protected":false},"author":10,"featured_media":0,"parent":18,"menu_order":0,"comment_status":"closed","ping_status":"closed","template":"","meta":{"jetpack_post_was_ever_published":false,"footnotes":""},"class_list":["post-10953","page","type-page","status-publish","hentry"],"jetpack_sharing_enabled":true,"jetpack_shortlink":"https:\/\/wp.me\/P82TDz-2QF","_links":{"self":[{"href":"http:\/\/www.toletum-network.com\/es\/wp-json\/wp\/v2\/pages\/10953","targetHints":{"allow":["GET"]}}],"collection":[{"href":"http:\/\/www.toletum-network.com\/es\/wp-json\/wp\/v2\/pages"}],"about":[{"href":"http:\/\/www.toletum-network.com\/es\/wp-json\/wp\/v2\/types\/page"}],"author":[{"embeddable":true,"href":"http:\/\/www.toletum-network.com\/es\/wp-json\/wp\/v2\/users\/10"}],"replies":[{"embeddable":true,"href":"http:\/\/www.toletum-network.com\/es\/wp-json\/wp\/v2\/comments?post=10953"}],"version-history":[{"count":10,"href":"http:\/\/www.toletum-network.com\/es\/wp-json\/wp\/v2\/pages\/10953\/revisions"}],"predecessor-version":[{"id":14765,"href":"http:\/\/www.toletum-network.com\/es\/wp-json\/wp\/v2\/pages\/10953\/revisions\/14765"}],"up":[{"embeddable":true,"href":"http:\/\/www.toletum-network.com\/es\/wp-json\/wp\/v2\/pages\/18"}],"wp:attachment":[{"href":"http:\/\/www.toletum-network.com\/es\/wp-json\/wp\/v2\/media?parent=10953"}],"curies":[{"name":"wp","href":"https:\/\/api.w.org\/{rel}","templated":true}]}}