{"id":10538,"date":"2017-05-11T15:23:38","date_gmt":"2017-05-11T13:23:38","guid":{"rendered":"http:\/\/www.toletum-network.com\/?page_id=10538"},"modified":"2020-11-18T11:08:52","modified_gmt":"2020-11-18T09:08:52","slug":"dr-des-isabelle-mossong","status":"publish","type":"page","link":"http:\/\/www.toletum-network.com\/es\/teilnehmer\/dr-des-isabelle-mossong\/","title":{"rendered":"Dr. des. Isabelle Mossong"},"content":{"rendered":"<p><img loading=\"lazy\" decoding=\"async\" class=\"alignnone wp-image-10540 size-medium\" src=\"http:\/\/www.toletum-network.com\/wp-content\/uploads\/2017\/05\/mussong-200x300-300x200.jpg\" alt=\"\" width=\"300\" height=\"200\" \/><\/p>\n<h3 class=\"entry-title\">Dr. des. Isabelle Mossong<\/h3>\n<p>Kommission f\u00fcr Alte Geschichte und Epigraphik<br \/>\ndes Deutschen Arch\u00e4ologischen Instituts<br \/>\nAmalienstr. 73b<br \/>\nD-80799 M\u00fcnchen<br \/>\n<strong>T.<\/strong> +49 89 286767 72<\/p>\n<p><span style=\"color: #999999;\"><a style=\"color: #999999;\" href=\"mailto:isabelle.mossong@dainst.de\">isabelle.mossong@dainst.de<\/a><\/span><\/p>\n<hr \/>\n<h5><strong>Curriculum Vitae<\/strong><\/h5>\n<p><span style=\"color: #999999;\">\u2014 2001 \u2013 2005<\/span><br \/>\nStudium der Geschichte an der Universit\u00e9 Marc Bloch Strasbourg<\/p>\n<p><span style=\"color: #999999;\">\u2014 2005 \u2013 2007<\/span><br \/>\nTrinationaler zweisprachiger Master der Altertumswissenschaften (Schwerpunkt Alte Geschichte) an der Universit\u00e9 Marc Bloch Strasbourg und der Albert-Ludwigs-Universit\u00e4t Freiburg i. Br.<\/p>\n<p><span style=\"color: #999999;\">\u2014 09\/2009 \u2013 12\/2009<\/span><br \/>\nWissenschaftliche Mitarbeiterin am Vorhaben \u201eCorpus Inscriptionum Latinarum\u201c der Berlin-Brandenburgischen Akademie der Wissenschaften<\/p>\n<p><span style=\"color: #999999;\">\u2014 2010 \u2013 2012<\/span><br \/>\nPromotionsstipendium des Fonds National de la Recherche (Luxembourg)<\/p>\n<p><span style=\"color: #999999;\">\u2014 2012 \u2013 2014<\/span><br \/>\nAusl\u00e4ndisches Mitglied der \u00c9cole fran\u00e7aise de Rome (finanziert durch den Fonds National de la Recherche, Luxembourg)<\/p>\n<p><span style=\"color: #999999;\">\u2014 2014<\/span><br \/>\nPromotion an der Freien Universit\u00e4t Berlin und der Universit\u00e9 de Strasbourg (cotutelle) mit einer Arbeit \u00fcber \u201eDer Klerus des sp\u00e4tantiken Italiens im Spiegel der epigraphischen Zeugnisse \u2013 eine soziohistorische Studie\u201c<\/p>\n<p><span style=\"color: #999999;\">\u2014 seit 2016<\/span><br \/>\nWissenschaftliche Referentin an der Kommission f\u00fcr Alte Geschichte und Epigraphik des Deutschen Arch\u00e4ologischen Instituts (Projekt CIL II)<\/p>\n","protected":false},"excerpt":{"rendered":"<p>Dr. des. Isabelle Mossong Kommission f\u00fcr Alte Geschichte und Epigraphik des Deutschen Arch\u00e4ologischen Instituts Amalienstr. 73b D-80799 M\u00fcnchen T. +49 89 286767 72 isabelle.mossong@dainst.de Curriculum Vitae \u2014 2001 \u2013 2005 Studium der Geschichte an der Universit\u00e9 Marc Bloch Strasbourg \u2014 2005 \u2013 2007 Trinationaler zweisprachiger Master der Altertumswissenschaften (Schwerpunkt Alte Geschichte) an der Universit\u00e9 Marc &hellip; <a href=\"http:\/\/www.toletum-network.com\/es\/teilnehmer\/dr-des-isabelle-mossong\/\" class=\"more-link\">Continuar leyendo<span class=\"screen-reader-text\"> \u00abDr. des. Isabelle Mossong\u00bb<\/span><\/a><\/p>\n","protected":false},"author":10,"featured_media":0,"parent":18,"menu_order":0,"comment_status":"closed","ping_status":"closed","template":"","meta":{"jetpack_post_was_ever_published":false,"footnotes":""},"class_list":["post-10538","page","type-page","status-publish","hentry"],"jetpack_sharing_enabled":true,"jetpack_shortlink":"https:\/\/wp.me\/P82TDz-2JY","_links":{"self":[{"href":"http:\/\/www.toletum-network.com\/es\/wp-json\/wp\/v2\/pages\/10538","targetHints":{"allow":["GET"]}}],"collection":[{"href":"http:\/\/www.toletum-network.com\/es\/wp-json\/wp\/v2\/pages"}],"about":[{"href":"http:\/\/www.toletum-network.com\/es\/wp-json\/wp\/v2\/types\/page"}],"author":[{"embeddable":true,"href":"http:\/\/www.toletum-network.com\/es\/wp-json\/wp\/v2\/users\/10"}],"replies":[{"embeddable":true,"href":"http:\/\/www.toletum-network.com\/es\/wp-json\/wp\/v2\/comments?post=10538"}],"version-history":[{"count":9,"href":"http:\/\/www.toletum-network.com\/es\/wp-json\/wp\/v2\/pages\/10538\/revisions"}],"predecessor-version":[{"id":10556,"href":"http:\/\/www.toletum-network.com\/es\/wp-json\/wp\/v2\/pages\/10538\/revisions\/10556"}],"up":[{"embeddable":true,"href":"http:\/\/www.toletum-network.com\/es\/wp-json\/wp\/v2\/pages\/18"}],"wp:attachment":[{"href":"http:\/\/www.toletum-network.com\/es\/wp-json\/wp\/v2\/media?parent=10538"}],"curies":[{"name":"wp","href":"https:\/\/api.w.org\/{rel}","templated":true}]}}