{"id":10391,"date":"2017-03-03T20:38:13","date_gmt":"2017-03-03T19:38:13","guid":{"rendered":"http:\/\/www.toletum-network.com\/?page_id=10391"},"modified":"2020-11-18T11:17:23","modified_gmt":"2020-11-18T09:17:23","slug":"eneko-lopez-martinez-de-marigorta","status":"publish","type":"page","link":"http:\/\/www.toletum-network.com\/es\/teilnehmer\/eneko-lopez-martinez-de-marigorta\/","title":{"rendered":"Eneko L\u00f3pez Mart\u00ednez de Marigorta"},"content":{"rendered":"<p><img loading=\"lazy\" decoding=\"async\" class=\"alignnone size-medium wp-image-10392\" src=\"http:\/\/www.toletum-network.com\/wp-content\/uploads\/2017\/03\/foto-300x200-300x200.jpg\" alt=\"\" width=\"300\" height=\"200\" \/><\/p>\n<h3 class=\"entry-title\">Eneko L\u00f3pez Mart\u00ednez de Marigorta<\/h3>\n<p>Departamento de Historia Medieval, Moderna y de Am\u00e9rica<br \/>\nFacultad de Letras<br \/>\nUniversidad del Pa\u00eds Vasco<br \/>\nPaseo de la Universidad, 5<br \/>\nE-01006 Victoria-Gasteiz<br \/>\n<span style=\"color: #999999;\"><a style=\"color: #999999;\" href=\"mailto:elmaland@hotmail.com\">elmaland@hotmail.com<\/a><\/span><\/p>\n<p><strong>investigador invitado, 09\/2017-02\/2018<\/strong><br \/>\nUniversit\u00e4t Hamburg<br \/>\nHistorisches Seminar \u2013 Arbeitsbereich Alte Geschichte<br \/>\n\u00dcberseering 35#5 \/ 2. OG<br \/>\nD-22297 Hamburg<\/p>\n<p><strong>Website<\/strong><br \/>\n<a href=\"http:\/\/ehu.academia.edu\/EnekoL\u00f3pezMart\u00ednezdeMarigorta\">http:\/\/ehu.academia.edu\/EnekoL\u00f3pezMart\u00ednezdeMarigorta<\/a><\/p>\n<p><strong>Promotionsprojekt: <\/strong>Las bases de la islamizaci\u00f3n social en el Sudeste de al-Andalus: Crecimiento urbano e intercambios en las coras de Ilb\u012bra y Pechina en \u00e9poca omeya<\/p>\n<hr \/>\n<h5><strong>Formaci\u00f3n Acad\u00e9mica<\/strong><\/h5>\n<p><span style=\"color: #999999;\">\u2014 2012 \u2013 2017<\/span><br \/>\nDoctorado en el Departamento de Historia Medieval, Moderna y de Am\u00e9rica. Director: Eduardo Manzano Moreno (CCHS \u2013 CSIC)<br \/>\nUniversidad del Pa\u00eds Vasco (UPV \u2013 EHU), Vitoria \u2013 Gasteiz<\/p>\n<p><span style=\"color: #999999;\">\u2014 2009 \u2013 2011<\/span><br \/>\nM\u00e1ster en Arqueolog\u00eda y Patrimonio<br \/>\nUniversidad Aut\u00f3noma de Madrid (UAM), Madrid<\/p>\n<p><span style=\"color: #999999;\">\u2014 08\/2009<\/span><br \/>\nCurso de \u00e1rabe Principiante Superior (nivel III)<br \/>\nUniversidad de Damasco, Damasco<\/p>\n<p><span style=\"color: #999999;\">\u2014 2008 \u2013 2009<\/span><br \/>\nEstudios del Grado de Filolog\u00eda \u00c1rabe<br \/>\nUniversidad Complutense de Madrid (UCM), Madrid<\/p>\n<p><span style=\"color: #999999;\">\u2014 2004 \u2013 2008<\/span><br \/>\nLicenciatura en historia<br \/>\nUniversidad del Pa\u00eds Vasco (UPV \u2013 EHU), Vitoria \u2013 Gasteiz<\/p>\n<hr \/>\n<h5><strong>Experiencia profesional<\/strong><\/h5>\n<p><span style=\"color: #999999;\">\u2014 25\/10\/2015 \u2013 28\/10\/2015<\/span><br \/>\nDocencia de las clases \u201cLas identidades religiosas y la cultura arabomusulmana en al-Andalus (siglos VIII-X)\u201d y \u201cAndalusi Arabic\u201d<br \/>\nUniversidad de Denison (Ohio, EE. UU.)<\/p>\n<p><span style=\"color: #999999;\">\u2014 10\/2012 \u2013 09\/2014<\/span><br \/>\nPersonal laboral con contrato en pr\u00e1cticas<br \/>\nCentro de Ciencias Humanas y Sociales del Consejo Superior de Investigaciones Cient\u00edficas (CCHS \u2013 CSIC), Madrid<\/p>\n<p><span style=\"color: #999999;\">\u2014 04\/02\/2013 \u2013 08\/03\/2013<\/span><br \/>\nDocencia te\u00f3rica y pr\u00e1ctica de las asignaturas \u201cIntroducci\u00f3n a la Historia Medieval\u201d, \u201cHistoria Medieval I. Occidente en la Alta Edad Media\u201d e \u201cHistoria Medieval del Pa\u00eds Vasco\u201d del Grado de Historia<br \/>\nUniversidad del Pa\u00eds Vasco (UPV \u2013 EHU), Vitoria Gasteiz<\/p>\n<p><span style=\"color: #999999;\">\u2014 10\/2010 \u2013 09\/2012<\/span><br \/>\nBecario predoctoral<br \/>\nCentro de Ciencias Humanas y Sociales del Consejo Superior de Investigaciones Cient\u00edficas (CCHS \u2013 CSIC), Madrid<\/p>\n<p><span style=\"color: #999999;\">\u2014 15\/05\/2011 \u2013 30\/06\/2011<\/span><br \/>\nEstancia de investigaci\u00f3n<br \/>\nUFR d\u2019Histoire de l\u2019Art et Arch\u00e9ologie de la Universidad de Par\u00eds IV Par\u00eds \u2013 Sorbonne, Par\u00eds<\/p>\n<p><span style=\"color: #999999;\">\u2014 12\/2007 \u2013 06\/2008<\/span><br \/>\nBeca Colaboraci\u00f3n en el Departamento de Historia Medieval, Moderna y de Am\u00e9rica<br \/>\nUniversidad del Pa\u00eds Vasco (UPV \u2013 EHU), Vitoria \u2013 Gasteiz<\/p>\n<p><span style=\"color: #999999;\">\u2014 07\/2007<\/span><br \/>\nPr\u00e1cticas de campo de excavaci\u00f3n arqueol\u00f3gica<br \/>\nCatedral de Santa Mar\u00eda, Vitoria &#8211; Gasteiz<\/p>\n<hr \/>\n<h5><strong>Publicaciones cient\u00edficas<\/strong><\/h5>\n<ul>\n<li><strong>L\u00f3pez, E. (2016): <\/strong>\u201cEmisiones monetarias de los reinos de taifas (siglo Vh.\/XI d.C.): una nueva metodolog\u00eda para su estudio\u201d, en <em>Actas de las V Jornadas de Investigaci\u00f3n del Departamento de Prehistoria y Arqueolog\u00eda de la UAM<\/em>, UAM Ediciones, Madrid, pp. 453-465, ISBN: 978-84-8344-479-5<\/li>\n<li><strong>L\u00f3pez, E. (2015): <\/strong>\u201cAcu\u00f1aciones monetarias de al-Andalus en la primera mitad del siglo V\/XI: fin de un modelo, consolidaci\u00f3n de las emisiones regionales\u201d, <em>Al-Qan\u1e6dara<\/em>, XXXVI (1), pp. 69-106, ISSN: 0211-3589<\/li>\n<li><strong>L\u00f3pez, E. (2012): <\/strong>\u201cLa v\u00eda califal entre C\u00f3rdoba y Toledo. Propuesta metodol\u00f3gica de integraci\u00f3n de la ruta a su entorno f\u00edsico mediante SIG\u201d, <em>Arqueolog\u00eda y Territorio Medieval<\/em>, 19, pp. 33-58, ISSN: 1134-3184<\/li>\n<li><strong>L\u00f3pez, E. (2010): <\/strong>\u201cJurisprudentzia islamikoaren garapena IX. mendeko Al Andalusen: maliki eskolaren sorrera eta omeiatarren legezkotasun diskurtsoarekiko harremana\u201d, <em>Kondaira<\/em>, 10, pp. 1-24, ISSN: 1698-9287<\/li>\n<\/ul>\n<hr \/>\n<h5><strong>Contribuciones a conferencias y seminarios cient\u00edficos<\/strong><\/h5>\n<p><span style=\"color: #999999;\">\u2014 28\/10\/2016<\/span><br \/>\n\u201cLa islamizaci\u00f3n social de los <em>ba\u1e25riyy\u016bn<\/em>: de guerreros marinos a comerciantes y promotores urbanos\u201d, en <em>III Conferencia Internacional \u201cMediterr\u00e1neoS 2016\u201d<\/em>, Madrid, Instituto de Lengua y Culturas del Mediterr\u00e1neo y Oriente Pr\u00f3ximo (ILC \u2013 CSIC)<\/p>\n<p><span style=\"color: #999999;\">\u2014 26\/10\/2015<\/span><br \/>\nSeminario \u201cUrban Growth and Social Islamization: The Case of Southeast al-Andalus during the Umayyad Period\u201d, Granville (Ohio, EE. UU.), Departamento de Lenguas Modernas de la Universidad de Denison, patrocinado por Patty Foresman Fund of Modern Languages<\/p>\n<p><span style=\"color: #999999;\">\u2014 17\/04\/2015<\/span><br \/>\n\u201cLa creaci\u00f3n de la ciudad como base de la islamizaci\u00f3n social en el Sudeste de al-Andalus en el periodo omeya\u201d, en <em>Spaniens St\u00e4dte &#8211; Moderne Urbanit\u00e4t seit 2000 Jahren (II): Mittelalter und fr\u00fche Neuzeit<\/em>, Hamburgo, Universidad de Hamburgo<\/p>\n<p><span style=\"color: #999999;\">\u2014 25\/01\/2015<\/span><br \/>\n\u201cThe Extinction of the Caliphal Model, the Creation of Regional Mintings: Coin Issues in al-Andalus in the First Half of the Fifth\/Eleventh Century\u201d, en <em>XXX Congreso Internacional de la Medieval Association of the Midwest (EE. UU.) \u201cMedieval Identities\u201d<\/em>, Madrid, Universidad de St Louis<\/p>\n<p><span style=\"color: #999999;\">\u2014 25\/01\/2015<\/span><br \/>\n\u201cTrade and urban development in the southeast of al-Andalus between the third\/ninth and the sixth\/twelfth centuries\u201d, en <em>Encuentro CORPI-PIMIC<\/em>, Madrid, Centro de Ciencias Humanas y Sociales (CCHS \u2013 CSIC)<\/p>\n<p><span style=\"color: #999999;\">\u2014 05\/06\/2012<\/span><br \/>\n\u201cComercio y crecimiento urbano en al-Andalus: el caso de Tudela\u201d, en <em>XV<sup>\u00e8mes<\/sup> rencontres D\u00eew\u00e2n<\/em>, Madrid, Casa de Vel\u00e1zquez &amp; Consejo Superior de Investigaciones Cient\u00edficas (CSIC)<\/p>\n<p><span style=\"color: #999999;\">\u2014 23\/02\/2012<\/span><br \/>\n\u201cComercio y crecimiento urbano en al-Andalus: siglos VIII \u2013 XIII\u201d, en <em>I Encuentro de J\u00f3venes Investigadores FYL (UAM)-CCHS (CSIC)<\/em>, Madrid, Universidad Aut\u00f3noma de Madrid (UAM) &amp; Consejo Superior de Investigaciones Cient\u00edficas (CSIC)<\/p>\n<p><span style=\"color: #999999;\">\u2014 08\/04\/2011<\/span><br \/>\n\u201cAcu\u00f1aciones monetarias del s. V de la H\u00e9gira: transformaciones y tendencias\u201d, en <em>V Jornadas de Investigaci\u00f3n del Departamento de Prehistoria y Arqueolog\u00eda de la UAM. J\u00f3venes Investigadores de la Comunidad de Madrid<\/em>, Madrid, Universidad Aut\u00f3noma de Madrid (UAM)<\/p>\n<p><span style=\"color: #999999;\">\u2014 25\/04\/2009<\/span><br \/>\n\u201cLa construcci\u00f3n del discurso legitimista omeya en el al-Andalus del siglo IX\u201d, en <em>II Jornada de J\u00f3venes Investigadores \u201cDiscursos pol\u00edticos y legitimidad en la historia\u201d<\/em>, Bergara (Espa\u00f1a), Ayuntamiento de Bergara<\/p>\n<hr \/>\n<h5><strong>Miembro de proyectos de investigaci\u00f3n<\/strong><\/h5>\n<ul>\n<li><strong>Desde 2013: <\/strong>\u201cFatim\u00edes y Omeyas: la pugna de los califatos en el Magreb y sus efectos en al-Andalus\u201d, IP: Eduardo Manzano Moreno (CCHS \u2013 CSIC)<\/li>\n<li><strong>2010 &#8211; 2013: <\/strong>\u201cMateriales de Madinat al-Zahra: producci\u00f3n y circulaci\u00f3n de bienes en al-Andalus en \u00e9poca califal\u201d, IP: Eduardo Manzano Moreno (CCHS \u2013 CSIC)<\/li>\n<\/ul>\n<hr \/>\n<h5><strong>Idiomas<\/strong><\/h5>\n<ul>\n<li><strong>Ingl\u00e9s<\/strong><br \/>\nFirst Certificate in English (FCE) Cambridge, v\u00e1lido como el nivel B2 seg\u00fan el Marco Europeo de Referencia<\/li>\n<li><strong>Franc\u00e9s<\/strong><br \/>\nDipl\u00f4me d\u2019Etudes en Langue Fran\u00e7aise (DELF) B1, v\u00e1lido como el nivel B1 seg\u00fan el Marco Europeo de Referencia)<\/li>\n<li><strong>\u00c1rabe<\/strong><br \/>\n\u00c1rabe Moderno Est\u00e1ndar (AME) V B, expedido por el Centro de Lengua \u00c1rabe de la Casa \u00c1rabe<\/li>\n<li><strong>Euskera<\/strong><br \/>\nEuskararen Gaitasun Agiria (EGA), v\u00e1lido como el nivel C1 seg\u00fan el Marco Europeo de Referencia<\/li>\n<\/ul>\n<p><\/p>","protected":false},"excerpt":{"rendered":"<p>Eneko L\u00f3pez Mart\u00ednez de Marigorta Departamento de Historia Medieval, Moderna y de Am\u00e9rica Facultad de Letras Universidad del Pa\u00eds Vasco Paseo de la Universidad, 5 E-01006 Victoria-Gasteiz elmaland@hotmail.com investigador invitado, 09\/2017-02\/2018 Universit\u00e4t Hamburg Historisches Seminar \u2013 Arbeitsbereich Alte Geschichte \u00dcberseering 35#5 \/ 2. OG D-22297 Hamburg Website http:\/\/ehu.academia.edu\/EnekoL\u00f3pezMart\u00ednezdeMarigorta Promotionsprojekt: Las bases de la islamizaci\u00f3n social &hellip; <a href=\"http:\/\/www.toletum-network.com\/es\/teilnehmer\/eneko-lopez-martinez-de-marigorta\/\" class=\"more-link\">Continuar leyendo<span class=\"screen-reader-text\"> \u00abEneko L\u00f3pez Mart\u00ednez de Marigorta\u00bb<\/span><\/a><\/p>\n","protected":false},"author":10,"featured_media":0,"parent":18,"menu_order":0,"comment_status":"closed","ping_status":"closed","template":"","meta":{"jetpack_post_was_ever_published":false,"footnotes":""},"class_list":["post-10391","page","type-page","status-publish","hentry"],"jetpack_sharing_enabled":true,"jetpack_shortlink":"https:\/\/wp.me\/P82TDz-2HB","_links":{"self":[{"href":"http:\/\/www.toletum-network.com\/es\/wp-json\/wp\/v2\/pages\/10391","targetHints":{"allow":["GET"]}}],"collection":[{"href":"http:\/\/www.toletum-network.com\/es\/wp-json\/wp\/v2\/pages"}],"about":[{"href":"http:\/\/www.toletum-network.com\/es\/wp-json\/wp\/v2\/types\/page"}],"author":[{"embeddable":true,"href":"http:\/\/www.toletum-network.com\/es\/wp-json\/wp\/v2\/users\/10"}],"replies":[{"embeddable":true,"href":"http:\/\/www.toletum-network.com\/es\/wp-json\/wp\/v2\/comments?post=10391"}],"version-history":[{"count":16,"href":"http:\/\/www.toletum-network.com\/es\/wp-json\/wp\/v2\/pages\/10391\/revisions"}],"predecessor-version":[{"id":11565,"href":"http:\/\/www.toletum-network.com\/es\/wp-json\/wp\/v2\/pages\/10391\/revisions\/11565"}],"up":[{"embeddable":true,"href":"http:\/\/www.toletum-network.com\/es\/wp-json\/wp\/v2\/pages\/18"}],"wp:attachment":[{"href":"http:\/\/www.toletum-network.com\/es\/wp-json\/wp\/v2\/media?parent=10391"}],"curies":[{"name":"wp","href":"https:\/\/api.w.org\/{rel}","templated":true}]}}