{"id":1004,"date":"2016-07-28T15:49:00","date_gmt":"2016-07-28T15:49:00","guid":{"rendered":"http:\/\/www.toletum-network.com\/?page_id=1004"},"modified":"2020-11-18T11:19:26","modified_gmt":"2020-11-18T09:19:26","slug":"jorge-elices-ocon","status":"publish","type":"page","link":"http:\/\/www.toletum-network.com\/es\/teilnehmer\/jorge-elices-ocon\/","title":{"rendered":"Jorge Elices Oc\u00f3n"},"content":{"rendered":"<p><img loading=\"lazy\" decoding=\"async\" class=\"alignnone wp-image-1165 size-full\" src=\"http:\/\/www.toletum-network.com\/wp-content\/uploads\/2016\/07\/Jorge-Elices-275x300.jpg\" width=\"275\" height=\"300\" \/><\/p>\n<h3 class=\"entry-title\"><strong>Jorge Elices Oc\u00f3n<\/strong><\/h3>\n<p><span style=\"color: #999999;\"><a style=\"color: #999999;\" href=\"jorge.elices.ocon@gmail.com\">jorge.elices.ocon@gmail.com<\/a><\/span><\/p>\n<p><strong>Website<\/strong><br \/>\n<a href=\"http:\/\/uam.academia.edu\/JorgeElices\">http:\/\/uam.academia.edu\/JorgeElices<\/a><\/p>\n<p><strong>Promotionsprojekt: <a href=\"http:\/\/www.toletum-network.com\/wp-content\/uploads\/2016\/07\/Oc\u00f3n-Omeyas-y-el-legado-cl\u00e1sico-VIII-X-d.-C..pdf\">Omeyas y el legado cl\u00e1sico (VIII-X d. C.)<\/a><\/strong><\/p>\n<hr \/>\n<h5><strong>Formaci\u00f3n acad\u00e9mica<\/strong><\/h5>\n<p>\u2013 Licenciado en Historia<br \/>\nUniversidad de M\u00e1laga, Facultad de Filosof\u00eda y Letras<br \/>\n2010<\/p>\n<p>\u2013 M\u00e1ster Interuniversitario en Historia y Ciencias de la Antig\u00fcedad<br \/>\nUniversidad Aut\u00f3noma de Madrid, Facultad de Filosof\u00eda y Letras<br \/>\nUniversidad Complutense de Madrid, Facultad de Geograf\u00eda e Historia<br \/>\n2011<\/p>\n<p>\u2013 Matriculado en los cursos acad\u00e9micos 2011\/12-2013\/14-2014\/15 en el Programa de Doctorado \u201cEstudios del Mundo Antiguo\u201d. Director: Gloria Mora Rodr\u00edguez<br \/>\nUniversidad Aut\u00f3noma de Madrid, Facultad de Filosof\u00eda y Letras<\/p>\n<hr \/>\n<h5><strong>Estancias en el extranjero<\/strong><\/h5>\n<p>\u2013 Academic visitor, University of Oxford (01\/04\/2012-01\/07\/2012)<br \/>\nSubvenci\u00f3n para la movilidad de estudiantes de los programas de doctorado con Menci\u00f3n hacia la Excelencia del Ministerio de Educaci\u00f3n, Cultura y Deporte.<\/p>\n<p>\u2013 Academic visitor, Deutsches Arch\u00e4ologisches Institut (Berl\u00edn) (01\/10\/2014-01\/01\/2015)<br \/>\nPrograma propio de ayudas para estancias breves en Espa\u00f1a y extranjero para Personal Docente e Investigador en Formaci\u00f3n de la UAM.<\/p>\n<hr \/>\n<h5><strong>Becas<\/strong><\/h5>\n<p>\u2013 Universidad de M\u00e1laga<br \/>\nBeca de Colaboraci\u00f3n. Dpto. CC. TT. Historiogr\u00e1ficas, Historia Antigua y Prehistoria 2009\/2010.<\/p>\n<p>\u2013 Universidad Aut\u00f3noma de Madrid<br \/>\nAyuda para el Inicio de Estudios de Posgrado<br \/>\n01\/11\/2010-31\/10\/2011 y 1\/11\/2011-1\/10\/2012<br \/>\nDepartamento de Historia Antigua, Historia Medieval, Paleograf\u00eda y Diplom\u00e1tica, Facultad de Filosof\u00eda y Letras, Universidad Aut\u00f3noma de Madrid.<\/p>\n<p>\u2013 Universidad Aut\u00f3noma de Madrid<br \/>\nBeca de Formaci\u00f3n de Profesorado Universitario (FPU) concedida por el Ministerio de Educaci\u00f3n.<br \/>\n01\/10\/2012- 01\/10\/2016<br \/>\nDepartamento de Historia Antigua, Historia Medieval, Paleograf\u00eda y Diplom\u00e1tica, Facultad de Filosof\u00eda y Letras, Universidad Aut\u00f3noma de Madrid.<\/p>\n<hr \/>\n<h5><strong>Publicaciones<\/strong><\/h5>\n<p>Contribuciones en obras colectivas<br \/>\nTrabajo Fin de M\u00e1ster. M\u00e1ster Interuniversitario en Historia y Ciencias de la Antig\u00fcedad.<br \/>\n\u201eOmeyas y el legado cl\u00e1sico. Imagen, valoraci\u00f3n y uso del pasado preisl\u00e1mico en al-Andalus (VIII-X d.C.)\u201c en <em>M\u00e1steres de la UAM. A\u00f1o Acad\u00e9mico 2010-2011<\/em>, Universidad Aut\u00f3noma de Madrid: UAM Ediciones. ISBN: 978-84-8344-379-8.<\/p>\n<p>Coeditor<br \/>\n<em>Econom\u00edas, Comercio y Relaciones Internacionales en el Mundo Antiguo<\/em>, 2014.<br \/>\nISBN: 978-84-16184-35-4<\/p>\n<p>Art\u00edculos en revistas cient\u00edficas<br \/>\n\u201eImagen, valoraci\u00f3n y uso del legado cl\u00e1sico en Al-Andalus (VIII-X d.C.)\u201c, <em>Antesteria. Debates de Historia Antigua<\/em>, n\u00ba 1, 2012, ISSN 2254-1683, pp. 315-326.<br \/>\n\u201cEconom\u00edas, comercio y relaciones internacionales en el Mundo Antiguo. IV Jornadas de Investigaci\u00f3n en Historia Antigua, Madrid, 21, 22 y 23 de noviembre de 2012\u201d,<em> Revista Historia Aut\u00f3noma<\/em>, 3 (2013), ISSN: 2254-8726, pp. 201-204.<\/p>\n<hr \/>\n<h5><strong>Participaci\u00f3n en congresos y eventos de difusi\u00f3n cient\u00edfica<\/strong><\/h5>\n<p>Organizador<br \/>\nMiembro del comit\u00e9 organizador de las IV Jornadas de Investigaci\u00f3n en Historia Antigua: Econom\u00edas, comercio y relaciones internacionales en el Mundo Antiguo los d\u00edas 21, 22 y 23 de Noviembre.<br \/>\nI y II Seminario de Investigaci\u00f3n sobre Historiograf\u00eda y Legado de la Antig\u00fcedad Alternativos, Madrid, 2013-2014, Universidad Aut\u00f3noma de Madrid<\/p>\n<p>Ponente<br \/>\n\u2013 II Seminario de Historiograf\u00eda y Legado de la Antig\u00fcedad: Discursos Alternativos, Madrid, 06\/02\/2014, Universidad Aut\u00f3noma de Madrid: \u201cMujeres \u201esin velo\u201c en al-Andalus: reinas preisl\u00e1micas, estatuas femeninas y amazonas\u201d<\/p>\n<p>\u2013 I Seminario de Historiograf\u00eda y Legado de la Antig\u00fcedad,\u00a0 Madrid, 20\/02\/2013,\u00a0 Universidad Aut\u00f3noma de Madrid: \u201eReyes y ruinas de la Antig\u00fcedad en al-Andalus\u201d<\/p>\n<p>\u2013 International Conference: XXIII Coloquio del Medieval Hispanic Research Seminar, 28-29\/06\/2012, Queen Mary University of London: \u201cGriegos, Romanos y Godos a trav\u00e9s de los ojos de al-Andalus: bases para una investigaci\u00f3n\u201d<\/p>\n<p>\u2013 X Encuentro de J\u00f3venes Investigadores de Historia Antigua de la Universidad Complutense de Madrid, Madrid, 09\/05\/2011, Universidad Complutense de Madrid: \u201cImagen, valoraci\u00f3n y uso del legado cl\u00e1sico en Al-Andalus (VIII-X d.C.\u201d<\/p>\n<hr \/>\n<h5><strong>Otros m\u00e9ritos<\/strong><\/h5>\n<p>Gesti\u00f3n universitaria<br \/>\nMiembro de la Comisi\u00f3n de Coordinaci\u00f3n del M\u00e1ster Interuniversitario en Historia y Ciencias de la Antig\u00fcedad por la Universidad Aut\u00f3noma de Madrid, en representaci\u00f3n del Personal Investigador en Formaci\u00f3n (PIF). Nombramiento del Departamento de Historia Antigua, Historia Medieval y Paleograf\u00eda y Diplom\u00e1tica y de la Junta de Facultad de Filosof\u00eda y letras de la Universidad Aut\u00f3noma de Madrid (31\/03\/2012-01\/09\/2014)<\/p>\n<p>Experiencia docente universitaria<br \/>\n\u2013 Seminario \u201cEl legado Cl\u00e1sico en el mundo musulm\u00e1n: al-Andalus (VIII-X d. C.)\u201d impartido en la asignatura <em>El legado cl\u00e1sico de la Antig\u00fcedad cl\u00e1sica<\/em>, del M\u00e1ster en Historia y Ciencias de la Antig\u00fcedad, Universidad Aut\u00f3noma de Madrid, curso acad\u00e9mico 2011-2012.<\/p>\n<p>\u2013 Seminario \u201cEl mundo musulm\u00e1n y los Antiguos. Reyes, ruinas y estatuas\u201d impartido en la asignatura <em>El legado cl\u00e1sico de la Antig\u00fcedad cl\u00e1sica<\/em>, del M\u00e1ster en Historia y Ciencias de la Antig\u00fcedad, Universidad Aut\u00f3noma de Madrid, curso acad\u00e9mico 2012-2013.<\/p>\n<p>\u2013 Impartici\u00f3n de clases magistrales en la asignatura <em>Identidades Culturales Europeas<\/em> (c\u00f3digo 17325), dentro del <em>Grado en Lenguas Modernas, Cultura y Comunicaci\u00f3n<\/em> que se imparte en la Universidad Aut\u00f3noma de Madrid.<\/p>\n","protected":false},"excerpt":{"rendered":"<p>Jorge Elices Oc\u00f3n jorge.elices.ocon@gmail.com Website http:\/\/uam.academia.edu\/JorgeElices Promotionsprojekt: Omeyas y el legado cl\u00e1sico (VIII-X d. C.) Formaci\u00f3n acad\u00e9mica \u2013 Licenciado en Historia Universidad de M\u00e1laga, Facultad de Filosof\u00eda y Letras 2010 \u2013 M\u00e1ster Interuniversitario en Historia y Ciencias de la Antig\u00fcedad Universidad Aut\u00f3noma de Madrid, Facultad de Filosof\u00eda y Letras Universidad Complutense de Madrid, Facultad de &hellip; <a href=\"http:\/\/www.toletum-network.com\/es\/teilnehmer\/jorge-elices-ocon\/\" class=\"more-link\">Continuar leyendo<span class=\"screen-reader-text\"> \u00abJorge Elices Oc\u00f3n\u00bb<\/span><\/a><\/p>\n","protected":false},"author":7,"featured_media":0,"parent":18,"menu_order":0,"comment_status":"closed","ping_status":"closed","template":"","meta":{"jetpack_post_was_ever_published":false,"footnotes":""},"class_list":["post-1004","page","type-page","status-publish","hentry"],"jetpack_sharing_enabled":true,"jetpack_shortlink":"https:\/\/wp.me\/P82TDz-gc","_links":{"self":[{"href":"http:\/\/www.toletum-network.com\/es\/wp-json\/wp\/v2\/pages\/1004","targetHints":{"allow":["GET"]}}],"collection":[{"href":"http:\/\/www.toletum-network.com\/es\/wp-json\/wp\/v2\/pages"}],"about":[{"href":"http:\/\/www.toletum-network.com\/es\/wp-json\/wp\/v2\/types\/page"}],"author":[{"embeddable":true,"href":"http:\/\/www.toletum-network.com\/es\/wp-json\/wp\/v2\/users\/7"}],"replies":[{"embeddable":true,"href":"http:\/\/www.toletum-network.com\/es\/wp-json\/wp\/v2\/comments?post=1004"}],"version-history":[{"count":18,"href":"http:\/\/www.toletum-network.com\/es\/wp-json\/wp\/v2\/pages\/1004\/revisions"}],"predecessor-version":[{"id":11029,"href":"http:\/\/www.toletum-network.com\/es\/wp-json\/wp\/v2\/pages\/1004\/revisions\/11029"}],"up":[{"embeddable":true,"href":"http:\/\/www.toletum-network.com\/es\/wp-json\/wp\/v2\/pages\/18"}],"wp:attachment":[{"href":"http:\/\/www.toletum-network.com\/es\/wp-json\/wp\/v2\/media?parent=1004"}],"curies":[{"name":"wp","href":"https:\/\/api.w.org\/{rel}","templated":true}]}}